{"id":7770,"date":"2023-04-19T10:26:26","date_gmt":"2023-04-19T08:26:26","guid":{"rendered":"https:\/\/mundaneum.eu\/prets-et-reproductions\/"},"modified":"2026-01-16T10:44:53","modified_gmt":"2026-01-16T09:44:53","slug":"prets-et-reproductions","status":"publish","type":"page","link":"https:\/\/mundaneum.org\/en\/collections-and-resarch\/prets-et-reproductions\/","title":{"rendered":"Research assistance"},"content":{"rendered":"\n<div class=\"wp-block-columns wp-block-columns-page-layout is-layout-flex wp-container-core-columns-is-layout-9d6595d7 wp-block-columns-is-layout-flex\">\n<div class=\"wp-block-column is-layout-flow wp-block-column-is-layout-flow\">\n<h2 class=\"wp-block-heading\"><span class=\"ez-toc-section\" id=\"Access_to_the_reading_room_and_consultation_of_documents\"><\/span>Access to the reading room and consultation of documents<span class=\"ez-toc-section-end\"><\/span><\/h2>\n\n\n\n<p><\/p>\n\n\n\n<p>You are carrying out documentary research for a dissertation, thesis, publication or exhibition and you would like to consult the Mundaneum&#8217;s collections? Some inventories can be consulted in our online catalogue. <a href=\"http:\/\/archives.mundaneum.org\/fr\/catalogue-en-ligne\">Click here<\/a> to see the list.<\/p>\n\n\n\n<p><\/p>\n\n\n\n<p>For the others, we invite you to contact our archivists who will help you find your way around.<\/p>\n\n\n\n<p><\/p>\n\n\n\n<p>Documents can be consulted in our reading room upon appointment, Tuesday to Friday, 9am to 4.30pm. The cost of the reader&#8217;s card is \u20ac5 per year.<\/p>\n\n\n\n<p><\/p>\n\n\n\n<h2 class=\"wp-block-heading\"><span class=\"ez-toc-section\" id=\"Loan_of_documents\"><\/span>Loan of documents<span class=\"ez-toc-section-end\"><\/span><\/h2>\n\n\n\n<p>Are you preparing an exhibition and looking for historical documents to illustrate it? Our archives and collections of newspapers, postcards, posters, glass plates and small documents contain thousands of documents on a wide range of subjects. The Mundaneum is happy to lend documents to exhibitions.<br>This loan is subject to certain conditions (mandatory insurance, compliance with storage conditions, surveillance, etc.).<br>Nous vous invitons \u00e0 consulter nos archivistes pour plus de renseignements.<\/p>\n\n\n\n<p><\/p>\n\n\n\n<figure class=\"wp-block-gallery has-nested-images columns-4 is-cropped wp-block-gallery-1 is-layout-flex wp-block-gallery-is-layout-flex\">\n<figure class=\"wp-block-image size-large is-style-small-rounded\"><a href=\"https:\/\/mundaneum.org\/wp-content\/uploads\/2024\/01\/8R7A1452.jpg\"><img decoding=\"async\" width=\"1024\" height=\"682\" data-id=\"4185\" src=\"https:\/\/mundaneum.org\/wp-content\/uploads\/2024\/01\/8R7A1452-1024x682.jpg\" alt=\"\" class=\"wp-image-4185\" srcset=\"https:\/\/mundaneum.org\/wp-content\/uploads\/2024\/01\/8R7A1452-1024x682.jpg 1024w, https:\/\/mundaneum.org\/wp-content\/uploads\/2024\/01\/8R7A1452-300x200.jpg 300w, https:\/\/mundaneum.org\/wp-content\/uploads\/2024\/01\/8R7A1452-768x512.jpg 768w, https:\/\/mundaneum.org\/wp-content\/uploads\/2024\/01\/8R7A1452-1536x1024.jpg 1536w, https:\/\/mundaneum.org\/wp-content\/uploads\/2024\/01\/8R7A1452-1852x1234.jpg 1852w, https:\/\/mundaneum.org\/wp-content\/uploads\/2024\/01\/8R7A1452-600x400.jpg 600w, https:\/\/mundaneum.org\/wp-content\/uploads\/2024\/01\/8R7A1452.jpg 2000w\" sizes=\"(max-width: 1024px) 100vw, 1024px\" \/><\/a><\/figure>\n\n\n\n<figure class=\"wp-block-image size-full is-style-small-rounded\"><a href=\"https:\/\/mundaneum.org\/wp-content\/uploads\/2024\/04\/ARC-MUND-AFF-FC-002_72_png.png\"><img decoding=\"async\" width=\"762\" height=\"1024\" data-id=\"7737\" src=\"https:\/\/mundaneum.org\/wp-content\/uploads\/2024\/04\/ARC-MUND-AFF-FC-002_72_png.png\" alt=\"Affiche de la Cinqui\u00e8me foire commerciale, organis\u00e9e \u00e0 Bruxelles, en collaboration de la sixi\u00e8me exposition du caoutchouc. 1924\" class=\"wp-image-7737\" srcset=\"https:\/\/mundaneum.org\/wp-content\/uploads\/2024\/04\/ARC-MUND-AFF-FC-002_72_png.png 762w, https:\/\/mundaneum.org\/wp-content\/uploads\/2024\/04\/ARC-MUND-AFF-FC-002_72_png-223x300.png 223w, https:\/\/mundaneum.org\/wp-content\/uploads\/2024\/04\/ARC-MUND-AFF-FC-002_72_png-600x806.png 600w\" sizes=\"(max-width: 762px) 100vw, 762px\" \/><\/a><\/figure>\n\n\n\n<figure class=\"wp-block-image size-large is-style-small-rounded\"><a href=\"https:\/\/mundaneum.org\/wp-content\/uploads\/2024\/01\/depot-scaled.jpg\"><img decoding=\"async\" width=\"1024\" height=\"683\" data-id=\"4182\" src=\"https:\/\/mundaneum.org\/wp-content\/uploads\/2024\/01\/depot-1024x683.jpg\" alt=\"\" class=\"wp-image-4182\" srcset=\"https:\/\/mundaneum.org\/wp-content\/uploads\/2024\/01\/depot-1024x683.jpg 1024w, https:\/\/mundaneum.org\/wp-content\/uploads\/2024\/01\/depot-300x200.jpg 300w, https:\/\/mundaneum.org\/wp-content\/uploads\/2024\/01\/depot-768x512.jpg 768w, https:\/\/mundaneum.org\/wp-content\/uploads\/2024\/01\/depot-1536x1024.jpg 1536w, https:\/\/mundaneum.org\/wp-content\/uploads\/2024\/01\/depot-2048x1365.jpg 2048w, https:\/\/mundaneum.org\/wp-content\/uploads\/2024\/01\/depot-1852x1235.jpg 1852w, https:\/\/mundaneum.org\/wp-content\/uploads\/2024\/01\/depot-600x400.jpg 600w\" sizes=\"(max-width: 1024px) 100vw, 1024px\" \/><\/a><\/figure>\n\n\n\n<figure class=\"wp-block-image size-large is-style-small-rounded\"><a href=\"https:\/\/mundaneum.org\/wp-content\/uploads\/2024\/01\/ARC-MUND-EUMP-7184.jpg\"><img decoding=\"async\" width=\"1024\" height=\"938\" data-id=\"4179\" src=\"https:\/\/mundaneum.org\/wp-content\/uploads\/2024\/01\/ARC-MUND-EUMP-7184-1024x938.jpg\" alt=\"\" class=\"wp-image-4179\" srcset=\"https:\/\/mundaneum.org\/wp-content\/uploads\/2024\/01\/ARC-MUND-EUMP-7184-1024x938.jpg 1024w, https:\/\/mundaneum.org\/wp-content\/uploads\/2024\/01\/ARC-MUND-EUMP-7184-300x275.jpg 300w, https:\/\/mundaneum.org\/wp-content\/uploads\/2024\/01\/ARC-MUND-EUMP-7184-768x704.jpg 768w, https:\/\/mundaneum.org\/wp-content\/uploads\/2024\/01\/ARC-MUND-EUMP-7184-1536x1408.jpg 1536w, https:\/\/mundaneum.org\/wp-content\/uploads\/2024\/01\/ARC-MUND-EUMP-7184-1852x1697.jpg 1852w, https:\/\/mundaneum.org\/wp-content\/uploads\/2024\/01\/ARC-MUND-EUMP-7184-600x550.jpg 600w, https:\/\/mundaneum.org\/wp-content\/uploads\/2024\/01\/ARC-MUND-EUMP-7184.jpg 2000w\" sizes=\"(max-width: 1024px) 100vw, 1024px\" \/><\/a><\/figure>\n<\/figure>\n\n\n\n<h2 class=\"wp-block-heading\"><span class=\"ez-toc-section\" id=\"Reproductions\"><\/span>Reproductions<span class=\"ez-toc-section-end\"><\/span><\/h2>\n\n\n\n<p>Documents can be reproduced on request.<\/p>\n\n\n\n<p><br><strong>Prints on site :<\/strong><\/p>\n\n\n\n<div class=\"wp-block-grimlock-wrapper  wp-block-grimlock-wrapper--inner-full\" style=\"--grimlock-wrapper-background-color:#ffffff;--grimlock-wrapper-margin-top:1rem;--grimlock-wrapper-margin-bottom:1.5rem;--grimlock-wrapper-padding-top:30px;--grimlock-wrapper-padding-right:25px;--grimlock-wrapper-padding-bottom:30px;--grimlock-wrapper-padding-left:25px;--grimlock-wrapper-border-top:2px solid #ffffff4f;--grimlock-wrapper-border-bottom:2px solid #ffffff4f;--grimlock-wrapper-border-left:2px solid #ffffff4f;--grimlock-wrapper-border-right:2px solid #ffffff4f;--grimlock-wrapper-border-top-left-radius:1rem;--grimlock-wrapper-border-top-right-radius:1rem;--grimlock-wrapper-border-bottom-left-radius:1rem;--grimlock-wrapper-border-bottom-right-radius:1rem\"><div class=\"wp-block-grimlock-wrapper__bg\"><\/div><div class=\"wp-block-grimlock-wrapper__bg-overlay\"><\/div><div class=\"wp-block-grimlock-wrapper__inner\">\n<div class=\"wp-block-getwid-price-list has-dots\"> <div class=\"wp-block-getwid-price-list__content-wrapper\"><div class=\"wp-block-getwid-price-list__header\"><p class=\"wp-block-getwid-price-list__title\">A4<\/p><div class=\"wp-block-getwid-price-list__price-line\"><\/div><div class=\"wp-block-getwid-price-list__price-wrapper\"><p class=\"wp-block-getwid-price-list__amount\">\u20ac0,50 \/ page<\/p><\/div><\/div><\/div><\/div>\n\n\n\n<div class=\"wp-block-getwid-price-list has-dots\"> <div class=\"wp-block-getwid-price-list__content-wrapper\"><div class=\"wp-block-getwid-price-list__header\"><p class=\"wp-block-getwid-price-list__title\">A3<\/p><div class=\"wp-block-getwid-price-list__price-line\"><\/div><div class=\"wp-block-getwid-price-list__price-wrapper\"><p class=\"wp-block-getwid-price-list__amount\">0,75 \u20ac \/ page<\/p><\/div><\/div><\/div><\/div>\n<\/div><\/div>\n\n\n\n<p><strong>Reproductions :<\/strong><\/p>\n\n\n\n<figure class=\"wp-block-table is-style-stripes\"><table><thead><tr><th class=\"has-text-align-left\" data-align=\"left\"><strong>Format<\/strong><\/th><th class=\"has-text-align-left\" data-align=\"left\"><strong>Number<\/strong><\/th><th class=\"has-text-align-center\" data-align=\"center\"><strong>Price per page\/document<\/strong><\/th><\/tr><\/thead><tbody><tr><td class=\"has-text-align-left\" data-align=\"left\">Smaller than A3<\/td><td class=\"has-text-align-left\" data-align=\"left\">Less than 10<\/td><td class=\"has-text-align-center\" data-align=\"center\">\u20ac12<\/td><\/tr><tr><td class=\"has-text-align-left\" data-align=\"left\"><\/td><td class=\"has-text-align-left\" data-align=\"left\">More than 10<\/td><td class=\"has-text-align-center\" data-align=\"center\">\u20ac7<\/td><\/tr><tr><td class=\"has-text-align-left\" data-align=\"left\">Larger than A3<\/td><td class=\"has-text-align-left\" data-align=\"left\">Less than 10<\/td><td class=\"has-text-align-center\" data-align=\"center\">\u20ac24<\/td><\/tr><tr><td class=\"has-text-align-left\" data-align=\"left\"><\/td><td class=\"has-text-align-left\" data-align=\"left\">More than 10<\/td><td class=\"has-text-align-center\" data-align=\"center\">\u20ac14<\/td><\/tr><\/tbody><\/table><\/figure>\n\n\n\n<p><strong>Publishing rights:<\/strong><\/p>\n\n\n\n<p>Fees for publishing rights are independent of copyrights. These remain the responsability of the user.<\/p>\n\n\n\n<figure class=\"wp-block-table\"><table class=\"has-fixed-layout\"><tbody><tr><td colspan=\"3\"><strong>Type of publication<\/strong><\/td><td><strong><mark style=\"background-color:rgba(0, 0, 0, 0)\" class=\"has-inline-color has-mundaneum-gray-lighter-color\">Price per document<\/mark><\/strong><\/td><\/tr><tr><td rowspan=\"4\">Book, periodical, newspaper, multimedia publication<\/td><td rowspan=\"2\">Print-run: less than 500 copies<\/td><td>Inside page<\/td><td>\u20ac40<\/td><\/tr><tr><td>Cover<\/td><td>\u20ac60<\/td><\/tr><tr><td rowspan=\"2\">Print-run: more than 500 copies<\/td><td>Inside page<\/td><td>\u20ac60<\/td><\/tr><tr><td>Cover<\/td><td>\u20ac80<\/td><\/tr><tr><td rowspan=\"2\">Online publication<\/td><td colspan=\"2\">Scientific<\/td><td>\u20ac40<\/td><\/tr><tr><td colspan=\"2\">Commercial<\/td><td>\u20ac90<\/td><\/tr><tr><td colspan=\"3\">Movie, Tv programme<\/td><td>\u20ac40<\/td><\/tr><tr><td colspan=\"3\">Exhibition, interactive installation<\/td><td>\u20ac60<\/td><\/tr><tr><td colspan=\"3\">Poster<\/td><td>\u20ac110<\/td><\/tr><tr><td colspan=\"3\">End-of-study dissertation<\/td><td>\u20ac0<\/td><\/tr><\/tbody><\/table><\/figure>\n\n\n\n<h2 class=\"wp-block-heading\"><span class=\"ez-toc-section\" id=\"Remote_searches\"><\/span>Remote searches<span class=\"ez-toc-section-end\"><\/span><\/h2>\n\n\n\n<p>We can carry out remote searches on request. The price is \u20ac40 per hour. Requests for research are subject to a prior feasibility assessment; they are limited to 2 hours and are payable in advance. The price does not include reproductions of documents.<\/p>\n\n\n\n<p>A flat-rate surcharge of \u20ac60 will be applied in urgent cases (less than 15 working days deadline).<\/p>\n<\/div>\n\n\n\n<div class=\"wp-block-column mundaneum-col-sticky is-layout-flow wp-block-column-is-layout-flow\" style=\"flex-basis:28%\"><ul class=\"wp-block-page-list\"><li class=\"wp-block-pages-list__item\"><a class=\"wp-block-pages-list__item__link\" href=\"https:\/\/mundaneum.org\/en\/collections-and-resarch\/acquisition-policy\/\">Acquisition policy<\/a><\/li><li class=\"wp-block-pages-list__item\"><a class=\"wp-block-pages-list__item__link\" href=\"https:\/\/mundaneum.org\/en\/collections-and-resarch\/online-catalog\/\">Online catalog<\/a><\/li><li class=\"wp-block-pages-list__item has-child\"><a class=\"wp-block-pages-list__item__link\" href=\"https:\/\/mundaneum.org\/en\/collections-and-resarch\/our-collections\/\">Our collections<\/a><ul class=\"wp-block-navigation__submenu-container\"><li class=\"wp-block-pages-list__item \"><a class=\"wp-block-pages-list__item__link\" href=\"https:\/\/mundaneum.org\/en\/collections-and-resarch\/our-collections\/the-universal-bibliographic-repertory-rbu\/\">\u00a0The Universal Bibliographic Repertory (RBU)<\/a><\/li><li class=\"wp-block-pages-list__item \"><a class=\"wp-block-pages-list__item__link\" href=\"https:\/\/mundaneum.org\/en\/collections-and-resarch\/our-collections\/archives-of-the-mundaneums-founders\/\">Archives of the Mundaneum&#8217;s founders<\/a><\/li><li class=\"wp-block-pages-list__item \"><a class=\"wp-block-pages-list__item__link\" href=\"https:\/\/mundaneum.org\/en\/collections-and-resarch\/our-collections\/collections-linked-to-anarchism\/\">Collections linked to anarchism<\/a><\/li><li class=\"wp-block-pages-list__item \"><a class=\"wp-block-pages-list__item__link\" href=\"https:\/\/mundaneum.org\/en\/collections-and-resarch\/our-collections\/collections-linked-to-feminism\/\">Collections linked to feminism<\/a><\/li><li class=\"wp-block-pages-list__item \"><a class=\"wp-block-pages-list__item__link\" href=\"https:\/\/mundaneum.org\/en\/collections-and-resarch\/our-collections\/collections-linked-to-pacifism\/\">Collections linked to pacifism<\/a><\/li><li class=\"wp-block-pages-list__item \"><a class=\"wp-block-pages-list__item__link\" href=\"https:\/\/mundaneum.org\/en\/collections-and-resarch\/our-collections\/autres-fonds-darchives\/\">Other archive collections<\/a><\/li><li class=\"wp-block-pages-list__item \"><a class=\"wp-block-pages-list__item__link\" href=\"https:\/\/mundaneum.org\/en\/collections-and-resarch\/our-collections\/picture-collections\/\">Picture collections<\/a><\/li><li class=\"wp-block-pages-list__item \"><a class=\"wp-block-pages-list__item__link\" href=\"https:\/\/mundaneum.org\/en\/collections-and-resarch\/our-collections\/the-international-newspaper-museum\/\">The International Newspaper Museum<\/a><\/li><li class=\"wp-block-pages-list__item \"><a class=\"wp-block-pages-list__item__link\" href=\"https:\/\/mundaneum.org\/en\/collections-and-resarch\/our-collections\/the-universal-documentation-directory\/\">The Universal Documentation Directory<\/a><\/li><\/ul><\/li><li class=\"wp-block-pages-list__item\"><a class=\"wp-block-pages-list__item__link\" href=\"https:\/\/mundaneum.org\/en\/collections-and-resarch\/publications\/\">Publications<\/a><\/li><li class=\"wp-block-pages-list__item\"><a class=\"wp-block-pages-list__item__link\" href=\"https:\/\/mundaneum.org\/en\/collections-and-resarch\/prets-et-reproductions\/\">Research assistance<\/a><\/li><\/ul>\n\n\n<div class=\"wp-block-buttons is-vertical is-content-justification-stretch is-layout-flex wp-container-core-buttons-is-layout-b16ad781 wp-block-buttons-is-layout-flex\">\n<div class=\"wp-block-button has-custom-width wp-block-button__width-100\"><a class=\"wp-block-button__link wp-element-button\" href=\"http:\/\/mundaneum.org\/billetterie\/\">Online ticketing<\/a><\/div>\n\n\n\n<div class=\"wp-block-button has-custom-width wp-block-button__width-100 is-style-primary-outline\"><a class=\"wp-block-button__link wp-element-button\" href=\"http:\/\/mundaneum.org\/la-boutique\/\">The shop<\/a><\/div>\n<\/div>\n\n<div style=\"height:10px\" aria-hidden=\"true\" class=\"wp-block-spacer\"><\/div>\n\n<div class=\"wp-block-buttons alignfull is-content-justification-space-between is-layout-flex wp-container-core-buttons-is-layout-3d213aab wp-block-buttons-is-layout-flex\"><\/div>\n<\/div>\n<\/div>\n\n\n\n<p><\/p>\n","protected":false},"excerpt":{"rendered":"<p>Consultations, research, loans, reproductions&#8230;<\/p>\n","protected":false},"author":1,"featured_media":2860,"parent":7777,"menu_order":0,"comment_status":"closed","ping_status":"closed","template":"template-full-width.php","meta":{"_acf_changed":false,"_tec_requires_first_save":true,"inline_featured_image":false,"_EventAllDay":false,"_EventTimezone":"","_EventStartDate":"","_EventEndDate":"","_EventStartDateUTC":"","_EventEndDateUTC":"","_EventShowMap":false,"_EventShowMapLink":false,"_EventURL":"","_EventCost":"","_EventCostDescription":"","_EventCurrencySymbol":"","_EventCurrencyCode":"","_EventCurrencyPosition":"","_EventDateTimeSeparator":"","_EventTimeRangeSeparator":"","_EventOrganizerID":[],"_EventVenueID":[],"_OrganizerEmail":"","_OrganizerPhone":"","_OrganizerWebsite":"","_VenueAddress":"","_VenueCity":"","_VenueCountry":"","_VenueProvince":"","_VenueState":"","_VenueZip":"","_VenuePhone":"","_VenueURL":"","_VenueStateProvince":"","_VenueLat":"","_VenueLng":"","_VenueShowMap":false,"_VenueShowMapLink":false,"_tribe_blocks_recurrence_rules":"","_tribe_blocks_recurrence_description":"","_tribe_blocks_recurrence_exclusions":"","footnotes":""},"class_list":["post-7770","page","type-page","status-publish","has-post-thumbnail","hentry"],"acf":[],"_links":{"self":[{"href":"https:\/\/mundaneum.org\/en\/wp-json\/wp\/v2\/pages\/7770","targetHints":{"allow":["GET"]}}],"collection":[{"href":"https:\/\/mundaneum.org\/en\/wp-json\/wp\/v2\/pages"}],"about":[{"href":"https:\/\/mundaneum.org\/en\/wp-json\/wp\/v2\/types\/page"}],"author":[{"embeddable":true,"href":"https:\/\/mundaneum.org\/en\/wp-json\/wp\/v2\/users\/1"}],"replies":[{"embeddable":true,"href":"https:\/\/mundaneum.org\/en\/wp-json\/wp\/v2\/comments?post=7770"}],"version-history":[{"count":3,"href":"https:\/\/mundaneum.org\/en\/wp-json\/wp\/v2\/pages\/7770\/revisions"}],"predecessor-version":[{"id":13594,"href":"https:\/\/mundaneum.org\/en\/wp-json\/wp\/v2\/pages\/7770\/revisions\/13594"}],"up":[{"embeddable":true,"href":"https:\/\/mundaneum.org\/en\/wp-json\/wp\/v2\/pages\/7777"}],"wp:featuredmedia":[{"embeddable":true,"href":"https:\/\/mundaneum.org\/en\/wp-json\/wp\/v2\/media\/2860"}],"wp:attachment":[{"href":"https:\/\/mundaneum.org\/en\/wp-json\/wp\/v2\/media?parent=7770"}],"curies":[{"name":"wp","href":"https:\/\/api.w.org\/{rel}","templated":true}]}}