{"id":7777,"date":"2023-04-19T11:15:50","date_gmt":"2023-04-19T09:15:50","guid":{"rendered":"https:\/\/mundaneum.eu\/collections-and-resarch\/"},"modified":"2024-07-02T22:49:07","modified_gmt":"2024-07-02T20:49:07","slug":"collections-and-resarch","status":"publish","type":"page","link":"https:\/\/mundaneum.org\/en\/collections-and-resarch\/","title":{"rendered":"Collections and resarch"},"content":{"rendered":"\t\t\t<div  class=\" wp-block-grimlock-query grimlock-query grimlock-posts--4-4-4-cols-overlay grimlock-posts--per-page-3 grimlock-posts--type-page\" style=\"border-color:transparent;border-style:solid;border-width:0;\"  >\n\n\t\t\t\n\t\t\t\t<article id=\"post-69da92d2a2cc6\" class=\"post-9224 page type-page status-publish has-post-thumbnail hentry\">\n\t\t\t\t\t\t<div class=\"card grimlock-post__card post__card\">\n\t\t\n\t\t\t<div class=\"card-media\">\n\n\t\t\t\t\n\t\t\t\t\t\t<div class=\"card-floating\">\n\t\t\t\t\t\t\t\t\t\t\t\t\t<\/div>\n\n\t\t\t\t\t\t\t\t\t\t\t\t<a href=\"https:\/\/mundaneum.org\/en\/collections-and-resarch\/our-collections\/\" class=\"post-thumbnail\" title=\"Our collections\" rel=\"bookmark\" >\n\t\t\t\t\t\t\t<img decoding=\"async\" width=\"800\" height=\"600\" src=\"https:\/\/mundaneum.org\/wp-content\/uploads\/2023\/12\/depot2-800x600.png\" class=\"card-img wp-post-image\" alt=\"Photographie des compactus du d\u00e9p\u00f4t du centre d&#039;archives\" \/>\t\t\t\t\t\t<\/a>\n\t\t\t\t\t\n\t\t\t<\/div><!-- .card-media -->\n\n\t\t\n\t\t<div class=\"card-body\">\n\t\t\t\t<header class=\"entry-header clearfix\">\n\t\t<h2 class=\"entry-title\"><span class=\"ez-toc-section\" id=\"Our_collections\"><\/span><a href=\"https:\/\/mundaneum.org\/en\/collections-and-resarch\/our-collections\/\" rel=\"bookmark\" >Our collections<\/a><span class=\"ez-toc-section-end\"><\/span><\/h2>\t<\/header><!-- .entry-header -->\n\t\t\t\t<div class=\"entry-summary clearfix\">\n\t\t\t\t<p>The Mundaneum Archives Centre houses no less than six continuous kilometres of documents. The encyclopaedic aim of its founders was to gather under one roof all the world&#8217;s knowledge so [&hellip;]<\/p>\n\t\t\t<\/div><!-- .entry-summary -->\n\t\t\t\t<\/div><!-- .card-body -->\n\n\t\t\t<\/div><!-- .card -->\n\t\t\t\t\t<\/article><!-- #post-## -->\n\n\t\t\t\n\t\t\t\t<article id=\"post-69da92d2a50f2\" class=\"post-7770 page type-page status-publish has-post-thumbnail hentry\">\n\t\t\t\t\t\t<div class=\"card grimlock-post__card post__card\">\n\t\t\n\t\t\t<div class=\"card-media\">\n\n\t\t\t\t\n\t\t\t\t\t\t<div class=\"card-floating\">\n\t\t\t\t\t\t\t\t\t\t\t\t\t<\/div>\n\n\t\t\t\t\t\t\t\t\t\t\t\t<a href=\"https:\/\/mundaneum.org\/en\/collections-and-resarch\/prets-et-reproductions\/\" class=\"post-thumbnail\" title=\"Research assistance\" rel=\"bookmark\" >\n\t\t\t\t\t\t\t<img decoding=\"async\" width=\"800\" height=\"600\" src=\"https:\/\/mundaneum.org\/wp-content\/uploads\/2023\/12\/ARC-MUND-PHOTO-11-800x600.jpg\" class=\"card-img wp-post-image\" alt=\"Photographie du R\u00e9pertoire Bibliographique Universel, install\u00e9 au Palais du Cinquantenaire \u00e0 Bruxelles, avec des collaboratrices y travaillant\" srcset=\"https:\/\/mundaneum.org\/wp-content\/uploads\/2023\/12\/ARC-MUND-PHOTO-11-800x600.jpg 800w, https:\/\/mundaneum.org\/wp-content\/uploads\/2023\/12\/ARC-MUND-PHOTO-11-300x225.jpg 300w, https:\/\/mundaneum.org\/wp-content\/uploads\/2023\/12\/ARC-MUND-PHOTO-11-1024x768.jpg 1024w, https:\/\/mundaneum.org\/wp-content\/uploads\/2023\/12\/ARC-MUND-PHOTO-11-768x576.jpg 768w, https:\/\/mundaneum.org\/wp-content\/uploads\/2023\/12\/ARC-MUND-PHOTO-11-600x450.jpg 600w, https:\/\/mundaneum.org\/wp-content\/uploads\/2023\/12\/ARC-MUND-PHOTO-11.jpg 1250w\" sizes=\"(max-width: 800px) 100vw, 800px\" \/>\t\t\t\t\t\t<\/a>\n\t\t\t\t\t\n\t\t\t<\/div><!-- .card-media -->\n\n\t\t\n\t\t<div class=\"card-body\">\n\t\t\t\t<header class=\"entry-header clearfix\">\n\t\t<h2 class=\"entry-title\"><span class=\"ez-toc-section\" id=\"Research_assistance\"><\/span><a href=\"https:\/\/mundaneum.org\/en\/collections-and-resarch\/prets-et-reproductions\/\" rel=\"bookmark\" >Research assistance<\/a><span class=\"ez-toc-section-end\"><\/span><\/h2>\t<\/header><!-- .entry-header -->\n\t\t\t\t<div class=\"entry-summary clearfix\">\n\t\t\t\t<p>Consultations, research, loans, reproductions&#8230;<\/p>\n\t\t\t<\/div><!-- .entry-summary -->\n\t\t\t\t<\/div><!-- .card-body -->\n\n\t\t\t<\/div><!-- .card -->\n\t\t\t\t\t<\/article><!-- #post-## -->\n\n\t\t\t\n\t\t\t\t<article id=\"post-69da92d2a5a62\" class=\"post-10531 page type-page status-publish has-post-thumbnail hentry\">\n\t\t\t\t\t\t<div class=\"card grimlock-post__card post__card\">\n\t\t\n\t\t\t<div class=\"card-media\">\n\n\t\t\t\t\n\t\t\t\t\t\t<div class=\"card-floating\">\n\t\t\t\t\t\t\t\t\t\t\t\t\t<\/div>\n\n\t\t\t\t\t\t\t\t\t\t\t\t<a href=\"https:\/\/mundaneum.org\/en\/collections-and-resarch\/publications\/\" class=\"post-thumbnail\" title=\"Publications\" rel=\"bookmark\" >\n\t\t\t\t\t\t\t<img decoding=\"async\" width=\"800\" height=\"600\" src=\"https:\/\/mundaneum.org\/wp-content\/uploads\/2023\/12\/104112710_3469928019703538_1172375254512420951_n-800x600.jpeg\" class=\"card-img wp-post-image\" alt=\"La boutique du Mundaneum - publications\" \/>\t\t\t\t\t\t<\/a>\n\t\t\t\t\t\n\t\t\t<\/div><!-- .card-media -->\n\n\t\t\n\t\t<div class=\"card-body\">\n\t\t\t\t<header class=\"entry-header clearfix\">\n\t\t<h2 class=\"entry-title\"><span class=\"ez-toc-section\" id=\"Publications\"><\/span><a href=\"https:\/\/mundaneum.org\/en\/collections-and-resarch\/publications\/\" rel=\"bookmark\" >Publications<\/a><span class=\"ez-toc-section-end\"><\/span><\/h2>\t<\/header><!-- .entry-header -->\n\t\t\t\t<div class=\"entry-summary clearfix\">\n\t\t\t\t<p>All the publications of the Archives Centre<\/p>\n\t\t\t<\/div><!-- .entry-summary -->\n\t\t\t\t<\/div><!-- .card-body -->\n\n\t\t\t<\/div><!-- .card -->\n\t\t\t\t\t<\/article><!-- #post-## -->\n\n\t\t\t\n\t\t\t<\/div><!-- .grimlock-region -->\n\t\t\n<div class=\"wp-block-grimlock-wrapper\" style=\"--grimlock-wrapper-text-color:#fefefe;--grimlock-wrapper-headings-color:#ffffff;--grimlock-wrapper-background-color:#00b894;--grimlock-wrapper-background-image:url(http:\/\/mundaneum.org\/wp-content\/uploads\/2023\/04\/8r7a3878.jpg);--grimlock-wrapper-background-overlay-color:#00b893e6;--grimlock-wrapper-padding-top:7%;--grimlock-wrapper-padding-right:0%;--grimlock-wrapper-padding-bottom:7%;--grimlock-wrapper-padding-left:0%;--grimlock-wrapper-border-top:0 solid #00000000;--grimlock-wrapper-border-bottom:0 solid #00000000;--grimlock-wrapper-border-left:0 solid #00000000;--grimlock-wrapper-border-right:0 solid #00000000;--grimlock-wrapper-border-top-left-radius:1rem;--grimlock-wrapper-border-top-right-radius:0rem;--grimlock-wrapper-border-bottom-left-radius:1rem;--grimlock-wrapper-border-bottom-right-radius:1rem;--grimlock-wrapper-z-index:3\"><div class=\"wp-block-grimlock-wrapper__bg\"><\/div><div class=\"wp-block-grimlock-wrapper__bg-overlay\"><\/div><div class=\"wp-block-grimlock-wrapper__inner\">\n<h4 class=\"wp-block-heading has-text-align-center\"><span class=\"ez-toc-section\" id=\"Would_you_like_to_search_the_online_catalogue\"><\/span>Would you like to search the online<br\/>catalogue?<span class=\"ez-toc-section-end\"><\/span><\/h4>\n\n\n\n<div class=\"wp-block-buttons is-content-justification-center is-layout-flex wp-container-core-buttons-is-layout-16018d1d wp-block-buttons-is-layout-flex\">\n<div class=\"wp-block-button is-style-current-outline\"><a class=\"wp-block-button__link has-content-background-color-background-color has-text-color has-background wp-element-button\" href=\"https:\/\/catalogue.mundaneum.org\/\" style=\"color:#00b894\" target=\"_blank\" rel=\"noreferrer noopener\">consult the online catalog<\/a><\/div>\n<\/div>\n<\/div><\/div>\n\n<div class=\"wp-block-grimlock-wrapper\" style=\"--grimlock-wrapper-border-top:0 solid #00000000;--grimlock-wrapper-border-bottom:0 solid #00000000;--grimlock-wrapper-border-left:0 solid #00000000;--grimlock-wrapper-border-right:0 solid #00000000\"><div class=\"wp-block-grimlock-wrapper__bg\"><\/div><div class=\"wp-block-grimlock-wrapper__bg-overlay\"><\/div><div class=\"wp-block-grimlock-wrapper__inner\"><\/div><\/div>\n","protected":false},"excerpt":{"rendered":"<p>Our archives at your disposal<\/p>\n","protected":false},"author":1,"featured_media":0,"parent":0,"menu_order":0,"comment_status":"closed","ping_status":"closed","template":"template-full-width.php","meta":{"_acf_changed":false,"_tec_requires_first_save":true,"inline_featured_image":false,"_EventAllDay":false,"_EventTimezone":"","_EventStartDate":"","_EventEndDate":"","_EventStartDateUTC":"","_EventEndDateUTC":"","_EventShowMap":false,"_EventShowMapLink":false,"_EventURL":"","_EventCost":"","_EventCostDescription":"","_EventCurrencySymbol":"","_EventCurrencyCode":"","_EventCurrencyPosition":"","_EventDateTimeSeparator":"","_EventTimeRangeSeparator":"","_EventOrganizerID":[],"_EventVenueID":[],"_OrganizerEmail":"","_OrganizerPhone":"","_OrganizerWebsite":"","_VenueAddress":"","_VenueCity":"","_VenueCountry":"","_VenueProvince":"","_VenueState":"","_VenueZip":"","_VenuePhone":"","_VenueURL":"","_VenueStateProvince":"","_VenueLat":"","_VenueLng":"","_VenueShowMap":false,"_VenueShowMapLink":false,"_tribe_blocks_recurrence_rules":"","_tribe_blocks_recurrence_description":"","_tribe_blocks_recurrence_exclusions":"","footnotes":""},"class_list":["post-7777","page","type-page","status-publish","hentry"],"acf":[],"_links":{"self":[{"href":"https:\/\/mundaneum.org\/en\/wp-json\/wp\/v2\/pages\/7777","targetHints":{"allow":["GET"]}}],"collection":[{"href":"https:\/\/mundaneum.org\/en\/wp-json\/wp\/v2\/pages"}],"about":[{"href":"https:\/\/mundaneum.org\/en\/wp-json\/wp\/v2\/types\/page"}],"author":[{"embeddable":true,"href":"https:\/\/mundaneum.org\/en\/wp-json\/wp\/v2\/users\/1"}],"replies":[{"embeddable":true,"href":"https:\/\/mundaneum.org\/en\/wp-json\/wp\/v2\/comments?post=7777"}],"version-history":[{"count":1,"href":"https:\/\/mundaneum.org\/en\/wp-json\/wp\/v2\/pages\/7777\/revisions"}],"predecessor-version":[{"id":10304,"href":"https:\/\/mundaneum.org\/en\/wp-json\/wp\/v2\/pages\/7777\/revisions\/10304"}],"wp:attachment":[{"href":"https:\/\/mundaneum.org\/en\/wp-json\/wp\/v2\/media?parent=7777"}],"curies":[{"name":"wp","href":"https:\/\/api.w.org\/{rel}","templated":true}]}}