{"id":9231,"date":"2023-04-19T10:26:26","date_gmt":"2023-04-19T08:26:26","guid":{"rendered":"https:\/\/mundaneum.eu\/?page_id=9231"},"modified":"2026-01-16T10:47:01","modified_gmt":"2026-01-16T09:47:01","slug":"onderzoeksondersteuning","status":"publish","type":"page","link":"https:\/\/mundaneum.org\/nl\/onderzoeksondersteuning\/","title":{"rendered":"Onderzoeksondersteuning"},"content":{"rendered":"\n<div class=\"wp-block-columns wp-block-columns-page-layout is-layout-flex wp-container-core-columns-is-layout-9d6595d7 wp-block-columns-is-layout-flex\">\n<div class=\"wp-block-column is-layout-flow wp-block-column-is-layout-flow\">\n<h2 class=\"wp-block-heading\"><span class=\"ez-toc-section\" id=\"Toegang_en_raadpleging\"><\/span>Toegang en raadpleging<span class=\"ez-toc-section-end\"><\/span><\/h2>\n\n\n\n<p><\/p>\n\n\n\n<p>U voert een documentaire zoekopdracht uit in het kader van een scriptie, een proefschrift, een publicatie, een tentoonstelling en u wilt de archieven van het Mundaneum raadplegen? Sommige inventarissen zijn raadpleegbaar in onze online catalogus. U vindt de lijst <a href=\"http:\/\/archives.mundaneum.org\/fr\/catalogue-en-ligne\">door hier te klikken.<\/a><\/p>\n\n\n\n<p><\/p>\n\n\n\n<p>Voor de anderen nodigen wij u uit om contact op te nemen met onze archivarissen die u zullen helpen bij het vinden van uw weg.<\/p>\n\n\n\n<p><\/p>\n\n\n\n<p>De documenten zijn op afspraak raadpleegbaar in onze leeszaal, van maandag tot vrijdag, van 9u tot 16u30. Het bedrag van de lezerskaart is 5\u20ac per jaar.<\/p>\n\n\n\n<p><\/p>\n\n\n\n<h2 class=\"wp-block-heading\"><span class=\"ez-toc-section\" id=\"Uitleningen_van_archieven\"><\/span>Uitleningen van archieven<span class=\"ez-toc-section-end\"><\/span><\/h2>\n\n\n\n<p>Bent u bezig met het voorbereiden van een tentoonstelling en bent u op zoek naar historische documenten om deze te illustreren? Onze archieffondsen en collecties van kranten, ansichtkaarten, affiches, glasplaten en kleine documenten bevatten duizenden documenten over uiteenlopende onderwerpen. Het Mundaneum leent graag documenten uit om tentoonstellingen te ondersteunen. Deze lening wordt verstrekt onder bepaalde voorwaarden (afsluiten van een verzekering, naleving van bewaarvoorwaarden, monitoring\u2026).<br>Wij nodigen u uit om onze archivarissen te raadplegen voor meer informatie.<\/p>\n\n\n\n<p><\/p>\n\n\n\n<figure class=\"wp-block-gallery has-nested-images columns-4 is-cropped wp-block-gallery-1 is-layout-flex wp-block-gallery-is-layout-flex\">\n<figure class=\"wp-block-image size-large is-style-small-rounded\"><a href=\"https:\/\/mundaneum.org\/wp-content\/uploads\/2024\/01\/8R7A1452.jpg\"><img decoding=\"async\" width=\"1024\" height=\"682\" data-id=\"4185\" src=\"https:\/\/mundaneum.org\/wp-content\/uploads\/2024\/01\/8R7A1452-1024x682.jpg\" alt=\"\" class=\"wp-image-4185\" srcset=\"https:\/\/mundaneum.org\/wp-content\/uploads\/2024\/01\/8R7A1452-1024x682.jpg 1024w, https:\/\/mundaneum.org\/wp-content\/uploads\/2024\/01\/8R7A1452-300x200.jpg 300w, https:\/\/mundaneum.org\/wp-content\/uploads\/2024\/01\/8R7A1452-768x512.jpg 768w, https:\/\/mundaneum.org\/wp-content\/uploads\/2024\/01\/8R7A1452-1536x1024.jpg 1536w, https:\/\/mundaneum.org\/wp-content\/uploads\/2024\/01\/8R7A1452-1852x1234.jpg 1852w, https:\/\/mundaneum.org\/wp-content\/uploads\/2024\/01\/8R7A1452-600x400.jpg 600w, https:\/\/mundaneum.org\/wp-content\/uploads\/2024\/01\/8R7A1452.jpg 2000w\" sizes=\"(max-width: 1024px) 100vw, 1024px\" \/><\/a><\/figure>\n\n\n\n<figure class=\"wp-block-image size-full is-style-small-rounded\"><a href=\"https:\/\/mundaneum.org\/wp-content\/uploads\/2024\/04\/ARC-MUND-AFF-FC-002_72_png.png\"><img decoding=\"async\" width=\"762\" height=\"1024\" data-id=\"7737\" src=\"https:\/\/mundaneum.org\/wp-content\/uploads\/2024\/04\/ARC-MUND-AFF-FC-002_72_png.png\" alt=\"Affiche de la Cinqui\u00e8me foire commerciale, organis\u00e9e \u00e0 Bruxelles, en collaboration de la sixi\u00e8me exposition du caoutchouc. 1924\" class=\"wp-image-7737\" srcset=\"https:\/\/mundaneum.org\/wp-content\/uploads\/2024\/04\/ARC-MUND-AFF-FC-002_72_png.png 762w, https:\/\/mundaneum.org\/wp-content\/uploads\/2024\/04\/ARC-MUND-AFF-FC-002_72_png-223x300.png 223w, https:\/\/mundaneum.org\/wp-content\/uploads\/2024\/04\/ARC-MUND-AFF-FC-002_72_png-600x806.png 600w\" sizes=\"(max-width: 762px) 100vw, 762px\" \/><\/a><\/figure>\n\n\n\n<figure class=\"wp-block-image size-large is-style-small-rounded\"><a href=\"https:\/\/mundaneum.org\/wp-content\/uploads\/2024\/01\/depot-scaled.jpg\"><img decoding=\"async\" width=\"1024\" height=\"683\" data-id=\"4182\" src=\"https:\/\/mundaneum.org\/wp-content\/uploads\/2024\/01\/depot-1024x683.jpg\" alt=\"\" class=\"wp-image-4182\" srcset=\"https:\/\/mundaneum.org\/wp-content\/uploads\/2024\/01\/depot-1024x683.jpg 1024w, https:\/\/mundaneum.org\/wp-content\/uploads\/2024\/01\/depot-300x200.jpg 300w, https:\/\/mundaneum.org\/wp-content\/uploads\/2024\/01\/depot-768x512.jpg 768w, https:\/\/mundaneum.org\/wp-content\/uploads\/2024\/01\/depot-1536x1024.jpg 1536w, https:\/\/mundaneum.org\/wp-content\/uploads\/2024\/01\/depot-2048x1365.jpg 2048w, https:\/\/mundaneum.org\/wp-content\/uploads\/2024\/01\/depot-1852x1235.jpg 1852w, https:\/\/mundaneum.org\/wp-content\/uploads\/2024\/01\/depot-600x400.jpg 600w\" sizes=\"(max-width: 1024px) 100vw, 1024px\" \/><\/a><\/figure>\n\n\n\n<figure class=\"wp-block-image size-large is-style-small-rounded\"><a href=\"https:\/\/mundaneum.org\/wp-content\/uploads\/2024\/01\/ARC-MUND-EUMP-7184.jpg\"><img decoding=\"async\" width=\"1024\" height=\"938\" data-id=\"4179\" src=\"https:\/\/mundaneum.org\/wp-content\/uploads\/2024\/01\/ARC-MUND-EUMP-7184-1024x938.jpg\" alt=\"\" class=\"wp-image-4179\" srcset=\"https:\/\/mundaneum.org\/wp-content\/uploads\/2024\/01\/ARC-MUND-EUMP-7184-1024x938.jpg 1024w, https:\/\/mundaneum.org\/wp-content\/uploads\/2024\/01\/ARC-MUND-EUMP-7184-300x275.jpg 300w, https:\/\/mundaneum.org\/wp-content\/uploads\/2024\/01\/ARC-MUND-EUMP-7184-768x704.jpg 768w, https:\/\/mundaneum.org\/wp-content\/uploads\/2024\/01\/ARC-MUND-EUMP-7184-1536x1408.jpg 1536w, https:\/\/mundaneum.org\/wp-content\/uploads\/2024\/01\/ARC-MUND-EUMP-7184-1852x1697.jpg 1852w, https:\/\/mundaneum.org\/wp-content\/uploads\/2024\/01\/ARC-MUND-EUMP-7184-600x550.jpg 600w, https:\/\/mundaneum.org\/wp-content\/uploads\/2024\/01\/ARC-MUND-EUMP-7184.jpg 2000w\" sizes=\"(max-width: 1024px) 100vw, 1024px\" \/><\/a><\/figure>\n<\/figure>\n\n\n\n<h2 class=\"wp-block-heading\"><span class=\"ez-toc-section\" id=\"Reproducties\"><\/span>Reproducties<span class=\"ez-toc-section-end\"><\/span><\/h2>\n\n\n\n<p>De documenten kunnen op verzoek worden gereproduceerd.<\/p>\n\n\n\n<p><br><strong>Prints ter plekke:<\/strong><\/p>\n\n\n\n<div class=\"wp-block-grimlock-wrapper  wp-block-grimlock-wrapper--inner-full\" style=\"--grimlock-wrapper-background-color:#ffffff;--grimlock-wrapper-margin-top:1rem;--grimlock-wrapper-margin-bottom:1.5rem;--grimlock-wrapper-padding-top:30px;--grimlock-wrapper-padding-right:25px;--grimlock-wrapper-padding-bottom:30px;--grimlock-wrapper-padding-left:25px;--grimlock-wrapper-border-top:2px solid #ffffff4f;--grimlock-wrapper-border-bottom:2px solid #ffffff4f;--grimlock-wrapper-border-left:2px solid #ffffff4f;--grimlock-wrapper-border-right:2px solid #ffffff4f;--grimlock-wrapper-border-top-left-radius:1rem;--grimlock-wrapper-border-top-right-radius:1rem;--grimlock-wrapper-border-bottom-left-radius:1rem;--grimlock-wrapper-border-bottom-right-radius:1rem\"><div class=\"wp-block-grimlock-wrapper__bg\"><\/div><div class=\"wp-block-grimlock-wrapper__bg-overlay\"><\/div><div class=\"wp-block-grimlock-wrapper__inner\">\n<div class=\"wp-block-getwid-price-list has-dots\"> <div class=\"wp-block-getwid-price-list__content-wrapper\"><div class=\"wp-block-getwid-price-list__header\"><p class=\"wp-block-getwid-price-list__title\">A4<\/p><div class=\"wp-block-getwid-price-list__price-line\"><\/div><div class=\"wp-block-getwid-price-list__price-wrapper\"><p class=\"wp-block-getwid-price-list__amount\">0,50 \u20ac \/ pagina<\/p><\/div><\/div><\/div><\/div>\n\n\n\n<div class=\"wp-block-getwid-price-list has-dots\"> <div class=\"wp-block-getwid-price-list__content-wrapper\"><div class=\"wp-block-getwid-price-list__header\"><p class=\"wp-block-getwid-price-list__title\">A3<\/p><div class=\"wp-block-getwid-price-list__price-line\"><\/div><div class=\"wp-block-getwid-price-list__price-wrapper\"><p class=\"wp-block-getwid-price-list__amount\">0,75 \u20ac \/ pagina<\/p><\/div><\/div><\/div><\/div>\n<\/div><\/div>\n\n\n\n<p><strong>Documentreproducties<\/strong> : <\/p>\n\n\n\n<figure class=\"wp-block-table is-style-stripes\"><table><thead><tr><th class=\"has-text-align-left\" data-align=\"left\"><strong>Formaat<\/strong><\/th><th class=\"has-text-align-left\" data-align=\"left\"><strong>aantal<\/strong><\/th><th class=\"has-text-align-center\" data-align=\"center\"><strong>Prijs per pagina\/document<\/strong><\/th><\/tr><\/thead><tbody><tr><td class=\"has-text-align-left\" data-align=\"left\">Minder dan A3<\/td><td class=\"has-text-align-left\" data-align=\"left\">Minder dan 10<\/td><td class=\"has-text-align-center\" data-align=\"center\">12 \u20ac<\/td><\/tr><tr><td class=\"has-text-align-left\" data-align=\"left\"><\/td><td class=\"has-text-align-left\" data-align=\"left\">Meer dan 10<\/td><td class=\"has-text-align-center\" data-align=\"center\">7 \u20ac<\/td><\/tr><tr><td class=\"has-text-align-left\" data-align=\"left\">Groter dan A3<\/td><td class=\"has-text-align-left\" data-align=\"left\">Minder dan 10<\/td><td class=\"has-text-align-center\" data-align=\"center\">24 \u20ac<\/td><\/tr><tr><td class=\"has-text-align-left\" data-align=\"left\"><\/td><td class=\"has-text-align-left\" data-align=\"left\">Meer dan 10<\/td><td class=\"has-text-align-center\" data-align=\"center\">14 \u20ac<\/td><\/tr><\/tbody><\/table><\/figure>\n\n\n\n<h2 class=\"wp-block-heading\"><span class=\"ez-toc-section\" id=\"Reproductierechten\"><\/span>Reproductierechten:<span class=\"ez-toc-section-end\"><\/span><\/h2>\n\n\n\n<p>Deze rechten zijn onafhankelijk van auteursrechten. Deze blijven voor rekening van de aanvrager.<\/p>\n\n\n\n<figure class=\"wp-block-table\"><table class=\"has-display-heading-color has-text-color has-link-color has-fixed-layout\"><tbody><tr><td colspan=\"3\"><strong>Productie type<\/strong><\/td><td><strong><mark style=\"background-color:rgba(0, 0, 0, 0)\" class=\"has-inline-color has-mundaneum-gray-lighter-color\">Prijs\/document<\/mark><\/strong><\/td><\/tr><tr><td rowspan=\"4\">Boek, tijdschrift, krant, multimedia document<\/td><td rowspan=\"2\">Tirage: moins de 500 exemplaires<\/td><td>Binnenpagina<\/td><td>40 \u20ac<\/td><\/tr><tr><td>Omslag<\/td><td>60 \u20ac<\/td><\/tr><tr><td rowspan=\"2\">Tirage: plus de 500 exemplaires<\/td><td>Binnenpagina<\/td><td>60 \u20ac<\/td><\/tr><tr><td>Omslag<\/td><td>80 \u20ac<\/td><\/tr><tr><td rowspan=\"2\">Online publicatie<\/td><td colspan=\"2\">Wetenschappelijk<\/td><td>40 \u20ac<\/td><\/tr><tr><td colspan=\"2\">Commercieel<\/td><td>90 \u20ac<\/td><\/tr><tr><td colspan=\"3\">Film, tv-show<\/td><td>40 \u20ac<\/td><\/tr><tr><td colspan=\"3\">Expositie, interactieve terminal<\/td><td>60 \u20ac<\/td><\/tr><tr><td colspan=\"3\">Poster, affiche<\/td><td>110 \u20ac<\/td><\/tr><tr><td colspan=\"3\">Memoires, eindwerken<\/td><td>0 \u20ac<\/td><\/tr><\/tbody><\/table><\/figure>\n\n\n\n<h2 class=\"wp-block-heading\"><span class=\"ez-toc-section\" id=\"Op_afstand_zoeken\"><\/span>Op afstand zoeken<span class=\"ez-toc-section-end\"><\/span><\/h2>\n\n\n\n<p>We kunnen op verzoek op afstand onderzoek doen. De prijs is \u20ac40 per uur. Het verzoek om onderzoek wordt vooraf beoordeeld op haalbaarheid; het is beperkt tot 2 uur en moet vooraf worden betaald. De prijs is exclusief documentreproducties.<\/p>\n\n\n\n<p>Er wordt een eenmalige toeslag van 60\u20ac in rekening gebracht in geval van spoed (minder dan 15 werkdagen).<\/p>\n<\/div>\n\n\n\n<div class=\"wp-block-column mundaneum-col-sticky is-layout-flow wp-block-column-is-layout-flow\" style=\"flex-basis:28%\">\n\n\n<div class=\"wp-block-buttons is-vertical is-content-justification-stretch is-layout-flex wp-container-core-buttons-is-layout-b16ad781 wp-block-buttons-is-layout-flex\">\n<div class=\"wp-block-button has-custom-width wp-block-button__width-100\"><a class=\"wp-block-button__link wp-element-button\" href=\"http:\/\/mundaneum.org\/billetterie\/\">La Billetterie<\/a><\/div>\n\n\n\n<div class=\"wp-block-button has-custom-width wp-block-button__width-100 is-style-primary-outline\"><a class=\"wp-block-button__link wp-element-button\" href=\"http:\/\/mundaneum.org\/la-boutique\/\">La Boutique<\/a><\/div>\n<\/div>\n\n\n\n<div style=\"height:10px\" aria-hidden=\"true\" class=\"wp-block-spacer\"><\/div>\n\n\n\n<div class=\"wp-block-buttons alignfull is-content-justification-space-between is-layout-flex wp-container-core-buttons-is-layout-3d213aab wp-block-buttons-is-layout-flex\"><\/div>\n<\/div>\n<\/div>\n\n\n\n<p><\/p>\n","protected":false},"excerpt":{"rendered":"<p>Toegang en raadpleging U voert een documentaire zoekopdracht uit in het kader van een scriptie, een proefschrift, een publicatie, een tentoonstelling en u wilt de archieven van het Mundaneum raadplegen? [&hellip;]<\/p>\n","protected":false},"author":4,"featured_media":2859,"parent":0,"menu_order":0,"comment_status":"closed","ping_status":"closed","template":"template-full-width.php","meta":{"_acf_changed":false,"_tec_requires_first_save":true,"inline_featured_image":false,"_EventAllDay":false,"_EventTimezone":"","_EventStartDate":"","_EventEndDate":"","_EventStartDateUTC":"","_EventEndDateUTC":"","_EventShowMap":false,"_EventShowMapLink":false,"_EventURL":"","_EventCost":"","_EventCostDescription":"","_EventCurrencySymbol":"","_EventCurrencyCode":"","_EventCurrencyPosition":"","_EventDateTimeSeparator":"","_EventTimeRangeSeparator":"","_EventOrganizerID":[],"_EventVenueID":[],"_OrganizerEmail":"","_OrganizerPhone":"","_OrganizerWebsite":"","_VenueAddress":"","_VenueCity":"","_VenueCountry":"","_VenueProvince":"","_VenueState":"","_VenueZip":"","_VenuePhone":"","_VenueURL":"","_VenueStateProvince":"","_VenueLat":"","_VenueLng":"","_VenueShowMap":false,"_VenueShowMapLink":false,"_tribe_blocks_recurrence_rules":"","_tribe_blocks_recurrence_description":"","_tribe_blocks_recurrence_exclusions":"","footnotes":""},"class_list":["post-9231","page","type-page","status-publish","has-post-thumbnail","hentry"],"acf":[],"_links":{"self":[{"href":"https:\/\/mundaneum.org\/nl\/wp-json\/wp\/v2\/pages\/9231","targetHints":{"allow":["GET"]}}],"collection":[{"href":"https:\/\/mundaneum.org\/nl\/wp-json\/wp\/v2\/pages"}],"about":[{"href":"https:\/\/mundaneum.org\/nl\/wp-json\/wp\/v2\/types\/page"}],"author":[{"embeddable":true,"href":"https:\/\/mundaneum.org\/nl\/wp-json\/wp\/v2\/users\/4"}],"replies":[{"embeddable":true,"href":"https:\/\/mundaneum.org\/nl\/wp-json\/wp\/v2\/comments?post=9231"}],"version-history":[{"count":4,"href":"https:\/\/mundaneum.org\/nl\/wp-json\/wp\/v2\/pages\/9231\/revisions"}],"predecessor-version":[{"id":13596,"href":"https:\/\/mundaneum.org\/nl\/wp-json\/wp\/v2\/pages\/9231\/revisions\/13596"}],"wp:featuredmedia":[{"embeddable":true,"href":"https:\/\/mundaneum.org\/nl\/wp-json\/wp\/v2\/media\/2859"}],"wp:attachment":[{"href":"https:\/\/mundaneum.org\/nl\/wp-json\/wp\/v2\/media?parent=9231"}],"curies":[{"name":"wp","href":"https:\/\/api.w.org\/{rel}","templated":true}]}}